{"id":2,"date":"2011-11-04T10:00:14","date_gmt":"2011-11-04T10:00:14","guid":{"rendered":"http:\/\/wir-voerdern-basketball.de.dd27636.kasserver.com\/?page_id=2"},"modified":"2024-06-13T09:34:49","modified_gmt":"2024-06-13T09:34:49","slug":"beispiel-seite","status":"publish","type":"page","link":"https:\/\/www.wir-voerdern-basketball.de\/?page_id=2","title":{"rendered":"Vorstand"},"content":{"rendered":"<p>\u200b<\/p>\n<table border=\"0\" width=\"523\" cellspacing=\"0\" cellpadding=\"7\">\n<tbody>\n<tr>\n<td colspan=\"2\" align=\"left\" valign=\"top\" bgcolor=\"#e6e6e6\" width=\"370\">\n<div><strong>Vorsitzende<\/strong><\/div>\n<\/td>\n<\/tr>\n<tr>\n<td align=\"left\" valign=\"top\" width=\"15\"><\/td>\n<td style=\"padding-left: 30px;\" align=\"left\" valign=\"top\" width=\"267\">Alexandra Wakenhut-Dre\u00dfler<br \/>\nIschebecke 17<br \/>\n58256 Ennepetal<br \/>\nE-Mail: <a href=\"mailto:vs@wir-voerdern-basketball.de\">vs@wir-voerdern-basketball.de<\/a><\/td>\n<\/tr>\n<tr>\n<td colspan=\"2\" align=\"left\" valign=\"top\" bgcolor=\"#e6e6e6\" width=\"370\">\n<div><strong>Kassiererin <\/strong><\/div>\n<\/td>\n<\/tr>\n<tr>\n<td align=\"left\" valign=\"top\" width=\"15\"><\/td>\n<td style=\"padding-left: 30px;\" align=\"left\" valign=\"top\" width=\"267\">Philipp Gerkau<br \/>\nB\u00fclbringer Str. 15a<br \/>\n58256 Ennepetal<br \/>\nE-Mail: <a href=\"mailto:sch@wir-voerdern-basketball.de\">sch@wir-voerdern-basketball.de<\/a><\/td>\n<\/tr>\n<tr>\n<td colspan=\"2\" align=\"left\" valign=\"top\" bgcolor=\"#e6e6e6\" width=\"370\">\n<div><strong>Schriftf\u00fchrer<\/strong><\/div>\n<\/td>\n<\/tr>\n<tr>\n<td align=\"left\" valign=\"top\" width=\"15\"><\/td>\n<td style=\"padding-left: 30px;\" align=\"left\" valign=\"top\" width=\"267\">Antje Potthoff<br \/>\nAn der Mooskaue 4<br \/>\n58285 Gevelsberg<br \/>\nE-Mail: <a href=\"mailto:sf@wir-voerdern-basketball.de\">sf@wir-voerdern-basketball.de<\/a><\/td>\n<\/tr>\n<\/tbody>\n<\/table>\n","protected":false},"excerpt":{"rendered":"<p>\u200b Vorsitzende Alexandra Wakenhut-Dre\u00dfler Ischebecke 17 58256 Ennepetal E-Mail: vs@wir-voerdern-basketball.de Kassiererin Philipp Gerkau B\u00fclbringer Str. 15a 58256 Ennepetal E-Mail: sch@wir-voerdern-basketball.de Schriftf\u00fchrer Antje Potthoff An der Mooskaue 4 58285 Gevelsberg E-Mail: sf@wir-voerdern-basketball.de<\/p>\n","protected":false},"author":1,"featured_media":0,"parent":0,"menu_order":0,"comment_status":"closed","ping_status":"closed","template":"","meta":{"footnotes":""},"_links":{"self":[{"href":"https:\/\/www.wir-voerdern-basketball.de\/index.php?rest_route=\/wp\/v2\/pages\/2"}],"collection":[{"href":"https:\/\/www.wir-voerdern-basketball.de\/index.php?rest_route=\/wp\/v2\/pages"}],"about":[{"href":"https:\/\/www.wir-voerdern-basketball.de\/index.php?rest_route=\/wp\/v2\/types\/page"}],"author":[{"embeddable":true,"href":"https:\/\/www.wir-voerdern-basketball.de\/index.php?rest_route=\/wp\/v2\/users\/1"}],"replies":[{"embeddable":true,"href":"https:\/\/www.wir-voerdern-basketball.de\/index.php?rest_route=%2Fwp%2Fv2%2Fcomments&post=2"}],"version-history":[{"count":24,"href":"https:\/\/www.wir-voerdern-basketball.de\/index.php?rest_route=\/wp\/v2\/pages\/2\/revisions"}],"predecessor-version":[{"id":586,"href":"https:\/\/www.wir-voerdern-basketball.de\/index.php?rest_route=\/wp\/v2\/pages\/2\/revisions\/586"}],"wp:attachment":[{"href":"https:\/\/www.wir-voerdern-basketball.de\/index.php?rest_route=%2Fwp%2Fv2%2Fmedia&parent=2"}],"curies":[{"name":"wp","href":"https:\/\/api.w.org\/{rel}","templated":true}]}}