{"id":513,"date":"2019-08-13T17:17:29","date_gmt":"2019-08-13T17:17:29","guid":{"rendered":"http:\/\/www.wir-voerdern-basketball.de\/?page_id=513"},"modified":"2025-04-25T08:16:25","modified_gmt":"2025-04-25T08:16:25","slug":"foerderantraege","status":"publish","type":"page","link":"https:\/\/www.wir-voerdern-basketball.de\/?page_id=513","title":{"rendered":"F\u00f6rderantr\u00e4ge"},"content":{"rendered":"\n<p>Im Jahr 2011 wurde der F\u00f6rderverein mit dem Ziel gegr\u00fcndet, die Basketballabteilung der TG Voerde 1842 e.V.  sowohl ideell als auch finanziell zu unterst\u00fctzen und zu f\u00f6rdern. Voran getrieben durch die langj\u00e4hrigen Mitglieder Enja K\u00fclpmann, Svenja Sch\u00f6ler und Axel Montag konnten in den vergangenen Jahren zahlreiche Mitglieder gewonnen werden. Durch deren Unterst\u00fctzung war es uns m\u00f6glich, die Abteilung der Basketballer auf verschiedene Art und Weise zu unterst\u00fctzen. <\/p>\n\n\n\n<p>F\u00fcr die langj\u00e4hrige Unterst\u00fctzung m\u00f6chten wir uns bei allen F\u00f6rderern herzlich bedanken!<\/p>\n\n\n\n<p>Zuk\u00fcnftige Unterst\u00fctzung unsererseits &#8211; sei es in Form von Neuanschaffungen oder Bezuschussungen &#8211; k\u00f6nnen \u00fcber den Bewilligungsantrag (siehe Downloads) beantragt werden. Dazu sendet bitte euren Antrag mit den dazugeh\u00f6rigen Informationen (Zweck, Mannschaft, Kosten, etc.) an die Vorsitzende Alexandra Wakenhut-Dre\u00dfler unter <a href=\"mailto:vs@wir-voerdern-basketball.de\">vs@wir-voerdern-basketball.de<\/a> oder alexwakenhut@gmx.de<\/p>\n\n\n\n<p>Wir freuen uns auf eure Antr\u00e4ge und die M\u00f6glichkeit, unsere Abteilung zu f\u00f6rdern! <\/p>\n\n\n\n<p>Euer F\u00f6rderverein<\/p>\n","protected":false},"excerpt":{"rendered":"<p>Im Jahr 2011 wurde der F\u00f6rderverein mit dem Ziel gegr\u00fcndet, die Basketballabteilung der TG Voerde 1842 e.V. sowohl ideell als auch finanziell zu unterst\u00fctzen und zu f\u00f6rdern. Voran getrieben durch die langj\u00e4hrigen Mitglieder Enja K\u00fclpmann, Svenja Sch\u00f6ler und Axel Montag konnten in den vergangenen Jahren zahlreiche Mitglieder gewonnen werden. Durch deren Unterst\u00fctzung war es uns [&hellip;]<\/p>\n","protected":false},"author":2,"featured_media":0,"parent":0,"menu_order":0,"comment_status":"closed","ping_status":"closed","template":"","meta":{"footnotes":""},"_links":{"self":[{"href":"https:\/\/www.wir-voerdern-basketball.de\/index.php?rest_route=\/wp\/v2\/pages\/513"}],"collection":[{"href":"https:\/\/www.wir-voerdern-basketball.de\/index.php?rest_route=\/wp\/v2\/pages"}],"about":[{"href":"https:\/\/www.wir-voerdern-basketball.de\/index.php?rest_route=\/wp\/v2\/types\/page"}],"author":[{"embeddable":true,"href":"https:\/\/www.wir-voerdern-basketball.de\/index.php?rest_route=\/wp\/v2\/users\/2"}],"replies":[{"embeddable":true,"href":"https:\/\/www.wir-voerdern-basketball.de\/index.php?rest_route=%2Fwp%2Fv2%2Fcomments&post=513"}],"version-history":[{"count":5,"href":"https:\/\/www.wir-voerdern-basketball.de\/index.php?rest_route=\/wp\/v2\/pages\/513\/revisions"}],"predecessor-version":[{"id":655,"href":"https:\/\/www.wir-voerdern-basketball.de\/index.php?rest_route=\/wp\/v2\/pages\/513\/revisions\/655"}],"wp:attachment":[{"href":"https:\/\/www.wir-voerdern-basketball.de\/index.php?rest_route=%2Fwp%2Fv2%2Fmedia&parent=513"}],"curies":[{"name":"wp","href":"https:\/\/api.w.org\/{rel}","templated":true}]}}